{"id":5041,"date":"2020-11-26T11:27:55","date_gmt":"2020-11-26T11:27:55","guid":{"rendered":"https:\/\/www.adlers-innsbruck.com\/?page_id=5041"},"modified":"2023-11-30T08:33:33","modified_gmt":"2023-11-30T08:33:33","slug":"teilnahmebedingungen-socialmedia","status":"publish","type":"page","link":"https:\/\/www.adlers-innsbruck.com\/en\/teilnahmebedingungen-socialmedia\/","title":{"rendered":"Teilnahmebedingungen ADLERS Adventkalender"},"content":{"rendered":"<p><strong>Teilnahmebedingungen ADLERS Adventkalender\u00a0<\/strong><\/p>\n<p>Die Teilnahme am Gewinnspiel von Hotel Adler\u2019s GmbH, nachfolgend Betreiber oder Veranstalter genannt, ist kostenlos und richtet sich ausschlie\u00dflich nach diesen Teilnahmebedingungen.<\/p><p><strong>Gegenstand der Teilnahmebedingungen und Veranstalter<\/strong><\/p>\n<p>(1) Diese Teilnahmebedingungen regeln die Bedingungen f\u00fcr eine Teilnahme an dem Gewinnspiel sowie gegebenenfalls erforderliche Rechte\u00fcbertragungen. Die Beschreibung und der Ablauf des jeweiligen Gewinnspiels erfolgen im Rahmen der jeweiligen Gewinnspielaktion auf den Social-Media-Kan\u00e4len des ADLERS Lifestyle-Hotels.<\/p>\n<p>(2) Veranstalter des Gewinnspiels ist die Hotel Adler\u2019s GmbH.<\/p>\n<p>(3) Mit Teilnahme an dem jeweiligen Gewinnspiel werden diese Teilnahmebedingungen angenommen.<\/p>\n<p>(4) Das Gewinnspiel steht in keiner Verbindung zu Instagram oder Facebook, es wird weder von Instagram oder Facebook gesponsert, unterst\u00fctzt noch organisiert.<\/p><p><strong>Teilnahme<\/strong><\/p>\n<p>Mit der Teilnahme am Gewinnspiel akzeptiert die\/der Teilnehmer\/in diese Teilnahmebedingungen. Die Teilnahme am Gewinnspiel erfolgt \u00fcber das Teilnehmen auf dem jeweiligen Social-Media-Kanal. Die Teilnahmevoraussetzungen, die Teilnahmedauer, die Gewinne und Informationen zur Gewinnerzielung ergeben sich aus der Gewinnspielbeschreibung auf dem jeweiligen Social-Media-Kanal. Die Teilnahme ist nur innerhalb des Teilnahmezeitraums m\u00f6glich. Die Teilnahme am Gewinnspiel ist kostenlos.<\/p><p><strong>Teilnahmeberechtigte<\/strong><\/p>\n<p>(1) Teilnahmeberechtigt sind nat\u00fcrliche Personen, die Ihren Wohnsitz in Deutschland, \u00d6sterreich, Schweiz, Italien und das 14. Lebensjahr vollendet haben. Die Teilnahme mit gef\u00e4lschten Identit\u00e4ten oder mit Identit\u00e4ten von Dritten ist nicht erlaubt.<\/p>\n<p>(2) Nicht teilnahmeberechtigt am Gewinnspiel sind alle an der Konzeption und Umsetzung des Gewinnspiels beteiligte Personen und alle Mitarbeiter des Unternehmens.<\/p>\n<p>(3) Teilnahmeberechtigte k\u00f6nnen an dem Gewinnspiel teilnehmen, indem sie die Anweisungen von dem jeweiligen Posting befolgen\/beantworten sowie der Instagram oder Facebook Seite des ADLERS Lifestyle-Hotels folgen und diese Bewertung jedenfalls bis zur Auswahl der Gewinner belassen.<\/p>\n<p>(4) Die Dauer des Gewinnspiel Adventskalenders erstreckt sich vom 1.12.2021, bis zum 24.12.2021. Innerhalb dieses Zeitraums erhalten Nutzer online die M\u00f6glichkeit, an den Gewinnspielen teilzunehmen.<\/p><p><strong>Gewinne und Gewinnbenachrichtigung<\/strong><\/p>\n<p>(1) Die Ermittlung des Gewinners erfolgt nach Teilnahmeschluss im Rahmen einer auf dem Zufallsprinzip beruhenden Verlosung unter allen Teilnehmern. Der\/die Gewinner\/Gewinnerin des Gewinnspiels wird zeitnah \u00fcber direct message \u00fcber den Gewinn informiert. Die Aush\u00e4ndigung des Gewinns erfolgt per E-Mail.<\/p>\n<p>(2)\u00a0 Geht von einem Gewinner\/einer Gewinnerin innerhalb einer Woche ab Benachrichtigung keine Antwort-Nachricht bei uns ein, erlischt der Gewinnanspruch. Wir sind in diesem Fall berechtigt, eine Ersatzauslosung durchzuf\u00fchren.<\/p>\n<p>(3) Umtausch, Selbstabholung sowie Barauszahlung des Gewinns sind nicht m\u00f6glich.<\/p>\n<p>(4) Sofern Umst\u00e4nde eintreten, die wir nicht zu vertreten haben, akzeptiert der jeweilige Gewinner einen angemessenen Ersatzgewinn. Solche nicht zu vertretenden Umst\u00e4nde sind insbesondere solche, die bei den Sponsoren der Gewinne liegen.<\/p><p><strong>Nutzungsrechtseinr\u00e4umung<\/strong><\/p>\n<p>Mit der Annahme des Gewinns willigt der Gewinner\/ die Gewinnerin ein, dass wir seinen\/ihren Namen zu Werbezwecken verwenden d\u00fcrfen. Des weiteren r\u00e4umt der Gewinner\/die Gewinnerin seine\/ihre Pers\u00f6nlichkeitsrechte f\u00fcr ein Gewinnerfoto zeitlich und r\u00e4umlich uneingeschr\u00e4nkt ein.<\/p><p><strong>Anwendbares Recht<\/strong><\/p>\n<p>Das Gewinnspiel unterliegt ausschlie\u00dflich \u00f6sterreichischem Recht.<\/p><p><strong>Beendigung des Gewinnspiels<\/strong><\/p>\n<p>Der Veranstalter beh\u00e4lt sich ausdr\u00fccklich vor, das Gewinnspiel ohne vorherige Ank\u00fcndigung und ohne Mitteilung von Gr\u00fcnden zu beenden. Dies gilt insbesondere f\u00fcr jegliche Gr\u00fcnde, die einen planm\u00e4\u00dfigen Ablauf des Gewinnspiels st\u00f6ren oder verhindern w\u00fcrden.<\/p><p><strong>Haftungsausschluss<\/strong><\/p>\n<p>Die Hotel Adler\u2019s GmbH haftet nicht f\u00fcr Sch\u00e4den, die im Zusammenhang mit der Teilnahme am Gewinnspiel bzw. mit der Annahme und der Nutzung des Gewinns stehen, es sei denn, der Gewinnspielanbieter bzw. dessen Erf\u00fcllungsgehilfen handeln vors\u00e4tzlich oder grob fahrl\u00e4ssig. Hiervon unber\u00fchrt bleiben etwaige Ersatzanspr\u00fcche aufgrund der Verletzung von Leben, K\u00f6rper und Gesundheit sowie von wesentlichen Vertragspflichten.<\/p><p><strong>Datenschutz<\/strong><\/p>\n<p>F\u00fcr die Teilnahme am Gewinnspiel ist teilweise die Angabe von pers\u00f6nlichen Daten notwendig. Der\/die Teilnehmer\/in versichert, dass die von ihm\/ihr gemachten Angaben zur Person, insbesondere Vor-, Nachname und Emailadresse wahrheitsgem\u00e4\u00df und richtig sind.<\/p>\n<p>Der Veranstalter weist darauf hin, dass s\u00e4mtliche personenbezogenen Daten des Teilnehmers ohne Einverst\u00e4ndnis weder an Dritte weitergegeben noch diesen zur Nutzung \u00fcberlassen werden.<\/p>\n<p>Im Falle eines Gewinns, erkl\u00e4rt sich der\/die Gewinner\/in mit der Ver\u00f6ffentlichung seines\/ihres Namens in den vom Veranstalter genutzten Werbemedien einverstanden. Dies schlie\u00dft die Bekanntgabe des Gewinners\/der Gewinnerin auf der Webseite des Betreibers und seinen Social Media Plattformen mit ein.<\/p>\n<p>Der\/die Teilnehmer\/in kann seine erkl\u00e4rte Einwilligung jederzeit widerrufen. Der Widerruf ist schriftlich an die im Impressumsbereich der Gewinnspiel App angegebenen Kontaktdaten des Veranstalters zu richten. Nach Widerruf der Einwilligung werden die erhobenen und gespeicherten personenbezogenen Daten des Teilnehmers\/der Teilnehmerin umgehend gel\u00f6scht.<\/p><p><strong>Salvatorische Klausel<\/strong><\/p>\n<p>Sollte eine Bestimmung der Teilnahmebedingungen unwirksam sein oder werden, so bleibt die Wirksamkeit der \u00fcbrigen Bestimmungen hiervon unber\u00fchrt. Veranstalter und Teilnehmer sind in einem solchen Falle verpflichtet, an der Schaffung von Bestimmungen mitzuwirken, durch die ein der unwirksamen Bestimmung wirtschaftlich m\u00f6glichst nahekommendes Ergebnis erzielt wird.<\/p><p><strong>Facebook Disclaimer<\/strong><\/p>\n<p>Diese Aktion steht in keiner Verbindung zu Facebook und wird in keiner Weise von Facebook gesponsert, unterst\u00fctzt oder organisiert.<\/p>\n","protected":false},"excerpt":{"rendered":"","protected":false},"author":12,"featured_media":0,"parent":0,"menu_order":0,"comment_status":"closed","ping_status":"closed","template":"","meta":{"_acf_changed":false,"footnotes":""},"class_list":["post-5041","page","type-page","status-publish","hentry"],"acf":[],"yoast_head":"<!-- This site is optimized with the Yoast SEO Premium plugin v20.2.1 (Yoast SEO v27.3) - https:\/\/yoast.com\/product\/yoast-seo-premium-wordpress\/ -->\n<title>Teilnahmebedingungen ADLERS Adventkalender - aDLERS Design Hotel Innsbruck<\/title>\n<meta name=\"robots\" content=\"index, follow, max-snippet:-1, max-image-preview:large, max-video-preview:-1\" \/>\n<link rel=\"canonical\" href=\"https:\/\/www.adlers-innsbruck.com\/teilnahmebedingungen-socialmedia\/\" \/>\n<meta property=\"og:locale\" content=\"en_US\" \/>\n<meta property=\"og:type\" content=\"article\" \/>\n<meta property=\"og:title\" content=\"Teilnahmebedingungen ADLERS Adventkalender\" \/>\n<meta property=\"og:url\" content=\"https:\/\/www.adlers-innsbruck.com\/teilnahmebedingungen-socialmedia\/\" \/>\n<meta property=\"og:site_name\" content=\"aDLERS Design Hotel Innsbruck\" \/>\n<meta property=\"article:publisher\" content=\"https:\/\/www.facebook.com\/AdlersHotelInnsbruck\/\" \/>\n<meta property=\"article:modified_time\" content=\"2023-11-30T08:33:33+00:00\" \/>\n<meta name=\"twitter:card\" content=\"summary_large_image\" \/>\n<meta name=\"twitter:label1\" content=\"Est. reading time\" \/>\n\t<meta name=\"twitter:data1\" content=\"5 minutes\" \/>\n<script type=\"application\/ld+json\" class=\"yoast-schema-graph\">{\"@context\":\"https:\\\/\\\/schema.org\",\"@graph\":[{\"@type\":\"WebPage\",\"@id\":\"https:\\\/\\\/www.adlers-innsbruck.com\\\/teilnahmebedingungen-socialmedia\\\/\",\"url\":\"https:\\\/\\\/www.adlers-innsbruck.com\\\/teilnahmebedingungen-socialmedia\\\/\",\"name\":\"Teilnahmebedingungen ADLERS Adventkalender - aDLERS Design Hotel Innsbruck\",\"isPartOf\":{\"@id\":\"https:\\\/\\\/www.adlers-innsbruck.com\\\/#website\"},\"datePublished\":\"2020-11-26T11:27:55+00:00\",\"dateModified\":\"2023-11-30T08:33:33+00:00\",\"breadcrumb\":{\"@id\":\"https:\\\/\\\/www.adlers-innsbruck.com\\\/teilnahmebedingungen-socialmedia\\\/#breadcrumb\"},\"inLanguage\":\"en-US\",\"potentialAction\":[{\"@type\":\"ReadAction\",\"target\":[\"https:\\\/\\\/www.adlers-innsbruck.com\\\/teilnahmebedingungen-socialmedia\\\/\"]}]},{\"@type\":\"BreadcrumbList\",\"@id\":\"https:\\\/\\\/www.adlers-innsbruck.com\\\/teilnahmebedingungen-socialmedia\\\/#breadcrumb\",\"itemListElement\":[{\"@type\":\"ListItem\",\"position\":1,\"name\":\"Startseite\",\"item\":\"https:\\\/\\\/www.adlers-innsbruck.com\\\/en\\\/\"},{\"@type\":\"ListItem\",\"position\":2,\"name\":\"Teilnahmebedingungen ADLERS Adventkalender\"}]},{\"@type\":\"WebSite\",\"@id\":\"https:\\\/\\\/www.adlers-innsbruck.com\\\/#website\",\"url\":\"https:\\\/\\\/www.adlers-innsbruck.com\\\/\",\"name\":\"aDLERS Design Hotel Innsbruck\",\"description\":\"\",\"publisher\":{\"@id\":\"https:\\\/\\\/www.adlers-innsbruck.com\\\/#organization\"},\"potentialAction\":[{\"@type\":\"SearchAction\",\"target\":{\"@type\":\"EntryPoint\",\"urlTemplate\":\"https:\\\/\\\/www.adlers-innsbruck.com\\\/?s={search_term_string}\"},\"query-input\":{\"@type\":\"PropertyValueSpecification\",\"valueRequired\":true,\"valueName\":\"search_term_string\"}}],\"inLanguage\":\"en-US\"},{\"@type\":\"Organization\",\"@id\":\"https:\\\/\\\/www.adlers-innsbruck.com\\\/#organization\",\"name\":\"aDLERS Design Hotel Innsbruck\",\"url\":\"https:\\\/\\\/www.adlers-innsbruck.com\\\/\",\"logo\":{\"@type\":\"ImageObject\",\"inLanguage\":\"en-US\",\"@id\":\"https:\\\/\\\/www.adlers-innsbruck.com\\\/#\\\/schema\\\/logo\\\/image\\\/\",\"url\":\"https:\\\/\\\/www.adlers-innsbruck.com\\\/wp-content\\\/uploads\\\/2019\\\/12\\\/csm_AdlersLogo.png\",\"contentUrl\":\"https:\\\/\\\/www.adlers-innsbruck.com\\\/wp-content\\\/uploads\\\/2019\\\/12\\\/csm_AdlersLogo.png\",\"width\":282,\"height\":93,\"caption\":\"aDLERS Design Hotel Innsbruck\"},\"image\":{\"@id\":\"https:\\\/\\\/www.adlers-innsbruck.com\\\/#\\\/schema\\\/logo\\\/image\\\/\"},\"sameAs\":[\"https:\\\/\\\/www.facebook.com\\\/AdlersHotelInnsbruck\\\/\",\"https:\\\/\\\/www.instagram.com\\\/adlershotel\\\/\"]}]}<\/script>\n<!-- \/ Yoast SEO Premium plugin. -->","yoast_head_json":{"title":"Teilnahmebedingungen ADLERS Adventkalender - aDLERS Design Hotel Innsbruck","robots":{"index":"index","follow":"follow","max-snippet":"max-snippet:-1","max-image-preview":"max-image-preview:large","max-video-preview":"max-video-preview:-1"},"canonical":"https:\/\/www.adlers-innsbruck.com\/teilnahmebedingungen-socialmedia\/","og_locale":"en_US","og_type":"article","og_title":"Teilnahmebedingungen ADLERS Adventkalender","og_url":"https:\/\/www.adlers-innsbruck.com\/teilnahmebedingungen-socialmedia\/","og_site_name":"aDLERS Design Hotel Innsbruck","article_publisher":"https:\/\/www.facebook.com\/AdlersHotelInnsbruck\/","article_modified_time":"2023-11-30T08:33:33+00:00","twitter_card":"summary_large_image","twitter_misc":{"Est. reading time":"5 minutes"},"schema":{"@context":"https:\/\/schema.org","@graph":[{"@type":"WebPage","@id":"https:\/\/www.adlers-innsbruck.com\/teilnahmebedingungen-socialmedia\/","url":"https:\/\/www.adlers-innsbruck.com\/teilnahmebedingungen-socialmedia\/","name":"Teilnahmebedingungen ADLERS Adventkalender - aDLERS Design Hotel Innsbruck","isPartOf":{"@id":"https:\/\/www.adlers-innsbruck.com\/#website"},"datePublished":"2020-11-26T11:27:55+00:00","dateModified":"2023-11-30T08:33:33+00:00","breadcrumb":{"@id":"https:\/\/www.adlers-innsbruck.com\/teilnahmebedingungen-socialmedia\/#breadcrumb"},"inLanguage":"en-US","potentialAction":[{"@type":"ReadAction","target":["https:\/\/www.adlers-innsbruck.com\/teilnahmebedingungen-socialmedia\/"]}]},{"@type":"BreadcrumbList","@id":"https:\/\/www.adlers-innsbruck.com\/teilnahmebedingungen-socialmedia\/#breadcrumb","itemListElement":[{"@type":"ListItem","position":1,"name":"Startseite","item":"https:\/\/www.adlers-innsbruck.com\/en\/"},{"@type":"ListItem","position":2,"name":"Teilnahmebedingungen ADLERS Adventkalender"}]},{"@type":"WebSite","@id":"https:\/\/www.adlers-innsbruck.com\/#website","url":"https:\/\/www.adlers-innsbruck.com\/","name":"aDLERS Design Hotel Innsbruck","description":"","publisher":{"@id":"https:\/\/www.adlers-innsbruck.com\/#organization"},"potentialAction":[{"@type":"SearchAction","target":{"@type":"EntryPoint","urlTemplate":"https:\/\/www.adlers-innsbruck.com\/?s={search_term_string}"},"query-input":{"@type":"PropertyValueSpecification","valueRequired":true,"valueName":"search_term_string"}}],"inLanguage":"en-US"},{"@type":"Organization","@id":"https:\/\/www.adlers-innsbruck.com\/#organization","name":"aDLERS Design Hotel Innsbruck","url":"https:\/\/www.adlers-innsbruck.com\/","logo":{"@type":"ImageObject","inLanguage":"en-US","@id":"https:\/\/www.adlers-innsbruck.com\/#\/schema\/logo\/image\/","url":"https:\/\/www.adlers-innsbruck.com\/wp-content\/uploads\/2019\/12\/csm_AdlersLogo.png","contentUrl":"https:\/\/www.adlers-innsbruck.com\/wp-content\/uploads\/2019\/12\/csm_AdlersLogo.png","width":282,"height":93,"caption":"aDLERS Design Hotel Innsbruck"},"image":{"@id":"https:\/\/www.adlers-innsbruck.com\/#\/schema\/logo\/image\/"},"sameAs":["https:\/\/www.facebook.com\/AdlersHotelInnsbruck\/","https:\/\/www.instagram.com\/adlershotel\/"]}]}},"_links":{"self":[{"href":"https:\/\/www.adlers-innsbruck.com\/en\/wp-json\/wp\/v2\/pages\/5041","targetHints":{"allow":["GET"]}}],"collection":[{"href":"https:\/\/www.adlers-innsbruck.com\/en\/wp-json\/wp\/v2\/pages"}],"about":[{"href":"https:\/\/www.adlers-innsbruck.com\/en\/wp-json\/wp\/v2\/types\/page"}],"author":[{"embeddable":true,"href":"https:\/\/www.adlers-innsbruck.com\/en\/wp-json\/wp\/v2\/users\/12"}],"replies":[{"embeddable":true,"href":"https:\/\/www.adlers-innsbruck.com\/en\/wp-json\/wp\/v2\/comments?post=5041"}],"version-history":[{"count":8,"href":"https:\/\/www.adlers-innsbruck.com\/en\/wp-json\/wp\/v2\/pages\/5041\/revisions"}],"predecessor-version":[{"id":6388,"href":"https:\/\/www.adlers-innsbruck.com\/en\/wp-json\/wp\/v2\/pages\/5041\/revisions\/6388"}],"wp:attachment":[{"href":"https:\/\/www.adlers-innsbruck.com\/en\/wp-json\/wp\/v2\/media?parent=5041"}],"curies":[{"name":"wp","href":"https:\/\/api.w.org\/{rel}","templated":true}]}}